{"id":3,"date":"2025-06-11T05:30:21","date_gmt":"2025-06-11T05:30:21","guid":{"rendered":"https:\/\/3waycatalyst.com\/?page_id=3"},"modified":"2025-08-12T17:19:45","modified_gmt":"2025-08-13T01:19:45","slug":"privacy-policy","status":"publish","type":"page","link":"https:\/\/3waycatalyst.com\/da\/privacy-policy\/","title":{"rendered":"Privatlivspolitik"},"content":{"rendered":"<div data-elementor-type=\"wp-page\" data-elementor-id=\"3\" class=\"elementor elementor-3\" data-elementor-settings=\"{&quot;ha_cmc_init_switcher&quot;:&quot;no&quot;}\" data-elementor-post-type=\"page\">\n\t\t\t\t<div class=\"elementor-element elementor-element-213b0ce e-flex e-con-boxed e-con e-parent\" data-id=\"213b0ce\" data-element_type=\"container\" data-settings=\"{&quot;background_background&quot;:&quot;classic&quot;,&quot;_ha_eqh_enable&quot;:false}\">\n\t\t\t\t\t<div class=\"e-con-inner\">\n\t\t<div class=\"elementor-element elementor-element-72ba71f e-con-full e-flex e-con e-child\" data-id=\"72ba71f\" data-element_type=\"container\" data-settings=\"{&quot;_ha_eqh_enable&quot;:false}\">\n\t\t\t\t<div class=\"elementor-element elementor-element-6d958b7 elementor-widget elementor-widget-heading\" data-id=\"6d958b7\" data-element_type=\"widget\" data-widget_type=\"heading.default\">\n\t\t\t\t<div class=\"elementor-widget-container\">\n\t\t\t<h1 class=\"elementor-heading-title elementor-size-default\">Privatlivspolitik<\/h1>\t\t<\/div>\n\t\t\t\t<\/div>\n\t\t\t\t<div class=\"elementor-element elementor-element-0d00040 elementor-widget elementor-widget-text-editor\" data-id=\"0d00040\" data-element_type=\"widget\" data-widget_type=\"text-editor.default\">\n\t\t\t\t<div class=\"elementor-widget-container\">\n\t\t\t\t\t\t\t<h2 class=\"wp-block-heading\">Sidst opdateret: 8. juli 2025<\/h2>\n<p><!-- \/wp:heading --><!-- wp:paragraph --><\/p>\n<p>Denne privatlivspolitik beskriver vores politikker og procedurer for indsamling, brug og videregivelse af dine oplysninger, n\u00e5r du bruger tjenesten, og fort\u00e6ller dig om dine rettigheder til privatlivets fred og hvordan loven beskytter dig.<\/p>\n<p>Vi bruger dine personoplysninger til at levere og forbedre tjenesten. Ved at bruge tjenesten accepterer du indsamling og brug af oplysninger i overensstemmelse med denne privatlivspolitik.\u00a0<\/p>\n<h2 class=\"wp-block-heading\">Fortolkning og definitioner<\/h2>\n<h3 class=\"wp-block-heading\">Fortolkning<\/h3>\n<p>Ord, hvis f\u00f8rste bogstav er skrevet med stort, har betydninger defineret under f\u00f8lgende betingelser. F\u00f8lgende definitioner skal have samme betydning, uanset om de optr\u00e6der i ental eller flertal.<\/p>\n<h3 class=\"wp-block-heading\">Definitioner<\/h3>\n<p>I forbindelse med denne privatlivspolitik:<\/p>\n<ul class=\"wp-block-list\">\n<li><strong>Konto<\/strong>\u00a0betyder en unik konto, der er oprettet for dig, for at du kan f\u00e5 adgang til vores Tjeneste eller dele af vores Tjeneste.<\/li>\n<li><strong>Tilknyttet<\/strong>\u00a0betyder en enhed, der kontrollerer, kontrolleres af eller er under f\u00e6lles kontrol med en part, hvor &#034;kontrol&#034; betyder ejerskab af 50 % eller mere af aktierne, kapitalandele eller andre v\u00e6rdipapirer, der giver ret til at stemme ved valg af bestyrelsesmedlemmer eller anden ledelsesmyndighed.<\/li>\n<li><strong>Selskab<\/strong> (i denne aftale enten ben\u00e6vnt &#034;Virksomheden&#034;, &#034;Vi&#034;, &#034;Os&#034; eller &#034;Vores&#034;) henviser til Hangzhou Fengxiang Technology Co., Ltd (3WayCatalyst), nr. 8055-1, Zone C3, Hangzhou jinmao Hardware and Eledtrical Market, 2777 Desheng East Road, Xiasha Street, Qiantang-distriktet, Hangzhou, Zhegjiang, Kina.<\/li>\n<li><strong>Cookies<\/strong>\u00a0er sm\u00e5 filer, der placeres p\u00e5 din computer, mobilenhed eller enhver anden enhed af et websted, og som indeholder detaljer om din browserhistorik p\u00e5 det p\u00e5g\u00e6ldende websted blandt dets mange anvendelser.<\/li>\n<li><strong>Land<\/strong>\u00a0henviser til: Kina<\/li>\n<li><strong>Enhed<\/strong>\u00a0betyder enhver enhed, der kan tilg\u00e5 Tjenesten, s\u00e5som en computer, en mobiltelefon eller en digital tablet.<\/li>\n<li><strong>Personlige data<\/strong>\u00a0er enhver oplysning, der vedr\u00f8rer en identificeret eller identificerbar person.<\/li>\n<li><strong>Service<\/strong>\u00a0henviser til hjemmesiden.<\/li>\n<li><strong>Tjenesteudbyder<\/strong>\u00a0betyder enhver fysisk eller juridisk person, der behandler dataene p\u00e5 vegne af Virksomheden. Det henviser til tredjepartsvirksomheder eller enkeltpersoner, der er ansat af Virksomheden til at facilitere Tjenesten, levere Tjenesten p\u00e5 vegne af Virksomheden, udf\u00f8re tjenester relateret til Tjenesten eller bist\u00e5 Virksomheden med at analysere, hvordan Tjenesten bruges.<\/li>\n<li><strong>Brugsdata<\/strong>\u00a0henviser til data indsamlet automatisk, enten genereret ved brug af Tjenesten eller fra selve Tjenestens infrastruktur (for eksempel varigheden af et sidebes\u00f8g).<\/li>\n<li><strong>Hjemmeside<\/strong> henviser til henviser til 3waycatalyst, tilg\u00e6ngelig fra\u00a0<a href=\"https:\/\/3waycatalyst.com\/da\/\">https:\/\/3waycatalyst.com\/<\/a><\/li>\n<li><strong>Du<\/strong>\u00a0betyder den person, der tilg\u00e5r eller bruger Tjenesten, eller den virksomhed eller anden juridisk enhed, p\u00e5 hvis vegne en s\u00e5dan person tilg\u00e5r eller bruger Tjenesten, alt efter hvad der er relevant.<\/li>\n<\/ul>\n<h2 class=\"wp-block-heading\">Indsamling og brug af dine personoplysninger<\/h2>\n<h3 class=\"wp-block-heading\">Typer af indsamlede data<\/h3>\n<h4 class=\"wp-block-heading\">Personlige data<\/h4>\n<p>N\u00e5r du bruger vores tjeneste, kan vi bede dig om at give os visse personligt identificerbare oplysninger, der kan bruges til at kontakte eller identificere dig. Personligt identificerbare oplysninger kan omfatte, men er ikke begr\u00e6nset til:<\/p>\n<ul class=\"wp-block-list\">\n<li>E-mailadresse<\/li>\n<li>Fornavn og efternavn<\/li>\n<li>Telefonnummer<\/li>\n<li>Adresse, stat, provins, postnummer, by<\/li>\n<li>Brugsdata<\/li>\n<\/ul>\n<h4 class=\"wp-block-heading\">Brugsdata<\/h4>\n<p>Brugsdata indsamles automatisk, n\u00e5r Tjenesten anvendes.<\/p>\n<p>Brugsdata kan omfatte oplysninger s\u00e5som din enheds internetprotokoladresse (f.eks. IP-adresse), browsertype, browserversion, de sider i vores tjeneste, du bes\u00f8ger, tidspunktet og datoen for dit bes\u00f8g, den tid, der bruges p\u00e5 disse sider, unikke enhedsidentifikatorer og andre diagnostiske data.<\/p>\n<p>N\u00e5r du tilg\u00e5r Tjenesten via en mobilenhed, kan vi indsamle visse oplysninger automatisk, herunder, men ikke begr\u00e6nset til, den type mobilenhed, du bruger, dit unikke ID for din mobilenhed, IP-adressen p\u00e5 din mobilenhed, dit mobile operativsystem, den type mobil internetbrowser, du bruger, unikke enheds-id&#039;er og andre diagnostiske data.<\/p>\n<p>Vi kan ogs\u00e5 indsamle oplysninger, som din browser sender, n\u00e5r du bes\u00f8ger vores tjeneste, eller n\u00e5r du tilg\u00e5r tjenesten via en mobilenhed.<\/p>\n<h4 class=\"wp-block-heading\">Sporingsteknologier og cookies<\/h4>\n<p>Vi bruger cookies og lignende sporingsteknologier til at spore aktiviteten p\u00e5 vores tjeneste og gemme visse oplysninger. De anvendte sporingsteknologier er beacons, tags og scripts til at indsamle og spore oplysninger og til at forbedre og analysere vores tjeneste. De teknologier, vi bruger, kan omfatte:<\/p>\n<ul class=\"wp-block-list\">\n<li><strong>Cookies eller browsercookies.<\/strong>\u00a0En cookie er en lille fil, der placeres p\u00e5 din enhed. Du kan instruere din browser til at afvise alle cookies eller til at angive, hvorn\u00e5r en cookie sendes. Hvis du dog ikke accepterer cookies, kan du muligvis ikke bruge visse dele af vores tjeneste. Medmindre du har justeret din browsers indstilling, s\u00e5 den afviser cookies, kan vores tjeneste bruge cookies.<\/li>\n<li><strong>Web-beacons.<\/strong>\u00a0Visse afsnit af vores tjeneste og vores e-mails kan indeholde sm\u00e5 elektroniske filer kendt som web beacons (ogs\u00e5 kaldet clear gifs, pixel tags og single-pixel gifs), der giver virksomheden mulighed for at t\u00e6lle brugere, der har bes\u00f8gt disse sider eller \u00e5bnet en e-mail, og til anden relateret hjemmesidestatistik (f.eks. registrering af populariteten af en bestemt sektion og verificering af system- og serverintegritet).<\/li>\n<\/ul>\n<p>Cookies kan v\u00e6re &#034;Persistente&#034; eller &#034;Sessionscookies&#034;. Permanente cookies forbliver p\u00e5 din personlige computer eller mobilenhed, n\u00e5r du g\u00e5r offline, mens sessionscookies slettes, s\u00e5 snart du lukker din webbrowser. L\u00e6r mere om cookies p\u00e5\u00a0<a href=\"https:\/\/www.freeprivacypolicy.com\/blog\/sample-privacy-policy-template\/#Use_Of_Cookies_And_Tracking\" target=\"_blank\" rel=\"noreferrer noopener nofollow\">Gratis hjemmeside med privatlivspolitik<\/a>\u00a0artikel.<\/p>\n<p>Vi bruger b\u00e5de sessionscookies og permanente cookies til de form\u00e5l, der er beskrevet nedenfor:<\/p>\n<ul class=\"wp-block-list\">\n<li><strong>N\u00f8dvendige\/essentielle cookies<\/strong>Type: SessionscookiesAdministreret af: OsForm\u00e5l: Disse cookies er n\u00f8dvendige for at give dig adgang til tjenester, der er tilg\u00e6ngelige via webstedet, og for at du kan bruge nogle af dets funktioner. De hj\u00e6lper med at godkende brugere og forhindre svigagtig brug af brugerkonti. Uden disse cookies kan de tjenester, du har bedt om, ikke leveres, og vi bruger kun disse cookies til at give dig disse tjenester.<\/li>\n<li><strong>Cookiepolitik \/ Meddelelse om accept af cookies<\/strong>Type: Permanente cookiesAdministreret af: OsForm\u00e5l: Disse cookies identificerer, om brugerne har accepteret brugen af cookies p\u00e5 webstedet.<\/li>\n<li><strong>Funktionalitetscookies<\/strong>Type: Permanente cookiesAdministreret af: OsForm\u00e5l: Disse cookies giver os mulighed for at huske valg, du foretager, n\u00e5r du bruger hjemmesiden, f.eks. at huske dine loginoplysninger eller sprogpr\u00e6ferencer. Form\u00e5let med disse cookies er at give dig en mere personlig oplevelse og at undg\u00e5, at du skal indtaste dine pr\u00e6ferencer igen, hver gang du bruger hjemmesiden.<\/li>\n<\/ul>\n<p>For mere information om de cookies, vi bruger, og dine valgmuligheder vedr\u00f8rende cookies, kan du bes\u00f8ge vores Cookiepolitik eller afsnittet Cookies i vores Privatlivspolitik.<\/p>\n<h3 class=\"wp-block-heading\">Brug af dine personoplysninger<\/h3>\n<p>Virksomheden kan bruge personoplysninger til f\u00f8lgende form\u00e5l:<\/p>\n<ul class=\"wp-block-list\">\n<li><strong>For at levere og vedligeholde vores service<\/strong>, herunder at overv\u00e5ge brugen af vores tjeneste.<\/li>\n<li><strong>S\u00e5dan administrerer du din konto:<\/strong>\u00a0at administrere din registrering som bruger af Tjenesten. De personoplysninger, du angiver, kan give dig adgang til forskellige funktioner i Tjenesten, der er tilg\u00e6ngelige for dig som registreret bruger.<\/li>\n<li><strong>Til opfyldelse af en kontrakt:<\/strong>\u00a0udviklingen, overholdelsen og indg\u00e5elsen af k\u00f8bskontrakten for de produkter, varer eller tjenester, du har k\u00f8bt, eller af enhver anden kontrakt med os gennem Tjenesten.<\/li>\n<li><strong>For at kontakte dig:<\/strong>\u00a0At kontakte dig via e-mail, telefonopkald, sms eller andre tilsvarende former for elektronisk kommunikation, s\u00e5som en mobilapplikations push-notifikationer vedr\u00f8rende opdateringer eller informativ kommunikation relateret til funktioner, produkter eller kontraherede tjenester, herunder sikkerhedsopdateringer, n\u00e5r det er n\u00f8dvendigt eller rimeligt for implementeringen af dem.<\/li>\n<li><strong>At give dig<\/strong>\u00a0med nyheder, s\u00e6rlige tilbud og generelle oplysninger om andre varer, tjenester og begivenheder, som vi tilbyder, der ligner dem, du allerede har k\u00f8bt eller forespurgt om, medmindre du har valgt ikke at modtage s\u00e5danne oplysninger.<\/li>\n<li><strong>S\u00e5dan administrerer du dine anmodninger:<\/strong>\u00a0At deltage i og administrere dine anmodninger til os.<\/li>\n<li><strong>Ved virksomhedsoverdragelser:<\/strong>\u00a0Vi kan bruge dine oplysninger til at evaluere eller gennemf\u00f8re en fusion, frasalg, omstrukturering, reorganisering, opl\u00f8sning eller andet salg eller overf\u00f8rsel af nogle af eller alle vores aktiver, uanset om det er som en going concern eller som en del af konkurs, likvidation eller lignende procedure, hvor personoplysninger, som vi opbevarer om vores tjenestebrugere, er blandt de overf\u00f8rte aktiver.<\/li>\n<li><strong>Til andre form\u00e5l<\/strong>Vi kan bruge dine oplysninger til andre form\u00e5l, s\u00e5som dataanalyse, identifikation af brugstendenser, bestemmelse af effektiviteten af vores reklamekampagner og til at evaluere og forbedre vores tjeneste, produkter, tjenester, markedsf\u00f8ring og din oplevelse.<\/li>\n<\/ul>\n<p>Vi kan dele dine personlige oplysninger i f\u00f8lgende situationer:<\/p>\n<ul class=\"wp-block-list\">\n<li><strong>Med tjenesteudbydere:<\/strong>\u00a0Vi kan dele dine personlige oplysninger med tjenesteudbydere for at overv\u00e5ge og analysere brugen af vores tjeneste og for at kontakte dig.<\/li>\n<li><strong>Ved virksomhedsoverdragelser:<\/strong>\u00a0Vi kan dele eller overf\u00f8re dine personlige oplysninger i forbindelse med eller under forhandlinger om enhver fusion, salg af virksomhedens aktiver, finansiering eller opk\u00f8b af hele eller en del af vores virksomhed til en anden virksomhed.<\/li>\n<li><strong>Med tilknyttede selskaber:<\/strong>\u00a0Vi kan dele dine oplysninger med vores tilknyttede selskaber, og i s\u00e5 fald kr\u00e6ver vi, at disse tilknyttede selskaber overholder denne privatlivspolitik. Tilknyttede selskaber omfatter vores moderselskab og eventuelle andre datterselskaber, joint venture-partnere eller andre virksomheder, som vi kontrollerer, eller som er under f\u00e6lles kontrol med os.<\/li>\n<li><strong>Med forretningspartnere:<\/strong>\u00a0Vi kan dele dine oplysninger med vores forretningspartnere for at tilbyde dig bestemte produkter, tjenester eller kampagner.<\/li>\n<li><strong>Med andre brugere:<\/strong>\u00a0N\u00e5r du deler personlige oplysninger eller p\u00e5 anden m\u00e5de interagerer med andre brugere i offentlige omr\u00e5der, kan s\u00e5danne oplysninger ses af alle brugere og kan distribueres offentligt udenfor.<\/li>\n<li><strong>Med dit samtykke<\/strong>Vi kan videregive dine personlige oplysninger til ethvert andet form\u00e5l med dit samtykke.<\/li>\n<\/ul>\n<h3 class=\"wp-block-heading\">Opbevaring af dine personoplysninger<\/h3>\n<p>Virksomheden opbevarer kun dine personoplysninger, s\u00e5 l\u00e6nge det er n\u00f8dvendigt for de form\u00e5l, der er angivet i denne privatlivspolitik. Vi opbevarer og bruger dine personoplysninger i det omfang, det er n\u00f8dvendigt for at overholde vores juridiske forpligtelser (f.eks. hvis vi er forpligtet til at opbevare dine data for at overholde g\u00e6ldende love), l\u00f8se tvister og h\u00e5ndh\u00e6ve vores juridiske aftaler og politikker.<\/p>\n<p>Virksomheden opbevarer ogs\u00e5 brugsdata til interne analyseform\u00e5l. Brugsdata opbevares generelt i en kortere periode, undtagen n\u00e5r disse data bruges til at styrke sikkerheden eller forbedre funktionaliteten af vores tjeneste, eller vi er juridisk forpligtet til at opbevare disse data i l\u00e6ngere perioder.<\/p>\n<h3 class=\"wp-block-heading\">Overf\u00f8rsel af dine personoplysninger<\/h3>\n<p>Dine oplysninger, herunder personoplysninger, behandles p\u00e5 virksomhedens driftskontorer og p\u00e5 alle andre steder, hvor de involverede parter i behandlingen befinder sig. Det betyder, at disse oplysninger kan overf\u00f8res til \u2013 og opbevares p\u00e5 \u2013 computere, der er placeret uden for din stat, provins, land eller anden offentlig jurisdiktion, hvor databeskyttelseslovgivningen kan afvige fra dem i din jurisdiktion.<\/p>\n<p>Dit samtykke til denne privatlivspolitik efterfulgt af din indsendelse af s\u00e5danne oplysninger repr\u00e6senterer din accept af denne overf\u00f8rsel.<\/p>\n<p>Virksomheden vil tr\u00e6ffe alle rimeligt n\u00f8dvendige foranstaltninger for at sikre, at dine data behandles sikkert og i overensstemmelse med denne privatlivspolitik, og der vil ikke ske nogen overf\u00f8rsel af dine personoplysninger til en organisation eller et land, medmindre der er tilstr\u00e6kkelige kontroller p\u00e5 plads, herunder sikkerheden af dine data og andre personlige oplysninger.<\/p>\n<h3 class=\"wp-block-heading\">Slet dine personlige data<\/h3>\n<p>Du har ret til at slette eller anmode om, at vi hj\u00e6lper med at slette de personoplysninger, som vi har indsamlet om dig.<\/p>\n<p>Vores Tjeneste kan give dig mulighed for at slette visse oplysninger om dig i Tjenesten.<\/p>\n<p>Du kan til enhver tid opdatere, \u00e6ndre eller slette dine oplysninger ved at logge ind p\u00e5 din konto, hvis du har en, og bes\u00f8ge afsnittet med kontoindstillinger, der giver dig mulighed for at administrere dine personlige oplysninger. Du kan ogs\u00e5 kontakte os for at anmode om adgang til, rette eller slette personlige oplysninger, som du har givet os.<\/p>\n<p>Bem\u00e6rk dog, at vi muligvis er n\u00f8dt til at opbevare visse oplysninger, n\u00e5r vi har en juridisk forpligtelse eller et lovligt grundlag til at g\u00f8re det.<\/p>\n<h3 class=\"wp-block-heading\">Videregivelse af dine personoplysninger<\/h3>\n<h4 class=\"wp-block-heading\">Forretningstransaktioner<\/h4>\n<p>Hvis virksomheden er involveret i en fusion, et opk\u00f8b eller et salg af aktiver, kan dine personoplysninger blive overf\u00f8rt. Vi vil give besked, inden dine personoplysninger overf\u00f8res og bliver underlagt en anden privatlivspolitik.<\/p>\n<h4 class=\"wp-block-heading\">Retsh\u00e5ndh\u00e6velse<\/h4>\n<p>Under visse omst\u00e6ndigheder kan virksomheden v\u00e6re forpligtet til at videregive dine personoplysninger, hvis det er p\u00e5kr\u00e6vet ved lov eller som svar p\u00e5 gyldige anmodninger fra offentlige myndigheder (f.eks. en domstol eller en offentlig myndighed).<\/p>\n<h4 class=\"wp-block-heading\">Andre juridiske krav<\/h4>\n<p>Virksomheden kan videregive dine personoplysninger i god tro om, at en s\u00e5dan handling er n\u00f8dvendig for at:<\/p>\n<ul class=\"wp-block-list\">\n<li>Overhold en juridisk forpligtelse<\/li>\n<li>Beskytte og forsvare virksomhedens rettigheder eller ejendom<\/li>\n<li>Forebygge eller unders\u00f8ge mulige forseelser i forbindelse med Tjenesten<\/li>\n<li>Beskyt brugernes eller offentlighedens personlige sikkerhed<\/li>\n<li>Beskyt mod juridisk ansvar<\/li>\n<\/ul>\n<h3 class=\"wp-block-heading\">Sikkerhed af dine personoplysninger<\/h3>\n<p>Sikkerheden af dine personoplysninger er vigtig for os, men husk at ingen metode til overf\u00f8rsel via internettet eller elektronisk lagring er 100 % sikker. Selvom vi bestr\u00e6ber os p\u00e5 at bruge kommercielt acceptable metoder til at beskytte dine personoplysninger, kan vi ikke garantere deres absolutte sikkerhed.<\/p>\n<h2 class=\"wp-block-heading\">Detaljeret information om behandling af dine personoplysninger<\/h2>\n<p>De tjenesteudbydere, vi bruger, kan have adgang til dine personoplysninger. Disse tredjepartsleverand\u00f8rer indsamler, opbevarer, bruger, behandler og overf\u00f8rer oplysninger om din aktivitet p\u00e5 vores tjeneste i overensstemmelse med deres privatlivspolitikker.<\/p>\n<h3 class=\"wp-block-heading\">Brug, ydeevne og diverse<\/h3>\n<p>Vi kan bruge tredjepartstjenesteudbydere til at vedligeholde og forbedre vores tjeneste.<\/p>\n<ul class=\"wp-block-list\">\n<li><strong>Google Places<\/strong>Google Places er en tjeneste, der returnerer oplysninger om steder ved hj\u00e6lp af HTTP-anmodninger. Den drives af Google. Google Places-tjenesten kan indsamle oplysninger fra dig og fra din enhed af sikkerhedsm\u00e6ssige \u00e5rsager. De oplysninger, der indsamles af Google Places, opbevares i overensstemmelse med Googles privatlivspolitik:\u00a0<a href=\"https:\/\/www.google.com\/intl\/en\/policies\/privacy\/\" target=\"_blank\" rel=\"noreferrer noopener nofollow\">https:\/\/www.google.com\/intl\/en\/policies\/privacy\/<\/a><\/li>\n<\/ul>\n<h2 class=\"wp-block-heading\">B\u00f8rns privatliv<\/h2>\n<p>Vores tjeneste henvender sig ikke til personer under 13 \u00e5r. Vi indsamler ikke bevidst personligt identificerbare oplysninger fra personer under 13 \u00e5r. Hvis du er for\u00e6lder eller v\u00e6rge, og du er klar over, at dit barn har givet os personoplysninger, bedes du kontakte os. Hvis vi bliver opm\u00e6rksomme p\u00e5, at vi har indsamlet personoplysninger fra personer under 13 \u00e5r uden bekr\u00e6ftelse af for\u00e6ldrenes samtykke, tager vi skridt til at fjerne disse oplysninger fra vores servere.<\/p>\n<p>Hvis vi er n\u00f8dt til at bruge samtykke som juridisk grundlag for behandling af dine oplysninger, og dit land kr\u00e6ver samtykke fra en for\u00e6lder, kan vi kr\u00e6ve din for\u00e6lders samtykke, f\u00f8r vi indsamler og bruger disse oplysninger.<\/p>\n<h2 class=\"wp-block-heading\">Links til andre hjemmesider<\/h2>\n<p>Vores tjeneste kan indeholde links til andre websteder, der ikke drives af os. Hvis du klikker p\u00e5 et link fra en tredjepart, vil du blive omdirigeret til den p\u00e5g\u00e6ldende tredjeparts websted. Vi anbefaler kraftigt, at du gennemg\u00e5r privatlivspolitikken for hvert websted, du bes\u00f8ger.<\/p>\n<p>Vi har ingen kontrol over og p\u00e5tager os intet ansvar for indholdet, privatlivspolitikkerne eller praksisserne p\u00e5 tredjepartswebsteder eller -tjenester.<\/p>\n<h2 class=\"wp-block-heading\">\u00c6ndringer i denne privatlivspolitik<\/h2>\n<p>Vi kan opdatere vores privatlivspolitik fra tid til anden. Vi vil underrette dig om eventuelle \u00e6ndringer ved at offentligg\u00f8re den nye privatlivspolitik p\u00e5 denne side.<\/p>\n<p>Vi giver dig besked via e-mail og\/eller en tydelig meddelelse p\u00e5 vores tjeneste, inden \u00e6ndringen tr\u00e6der i kraft, og opdaterer datoen &#034;Sidst opdateret&#034; \u00f8verst i denne privatlivspolitik.<\/p>\n<p>Du r\u00e5des til at gennemg\u00e5 denne privatlivspolitik regelm\u00e6ssigt for eventuelle \u00e6ndringer. \u00c6ndringer i denne privatlivspolitik tr\u00e6der i kraft, n\u00e5r de offentligg\u00f8res p\u00e5 denne side.<\/p>\n<h2 class=\"wp-block-heading\">Kontakt os<\/h2>\n<p>Hvis du har sp\u00f8rgsm\u00e5l til denne privatlivspolitik, kan du kontakte os:<\/p>\n<p>Telefonnummer: +86 186 7838 0418<\/p>\n<p>Via e-mail: info@3waycatalyst.com<\/p>\n<p>Ved at bes\u00f8ge denne side p\u00e5 vores hjemmeside:\u00a0<a href=\"https:\/\/3waycatalyst.com\/da\/contact\/\">https:\/\/3waycatalyst.com\/contact\/<\/a><\/p>\t\t\t\t\t\t<\/div>\n\t\t\t\t<\/div>\n\t\t\t\t<\/div>\n\t\t\t\t\t<\/div>\n\t\t\t\t<\/div>\n\t\t\t\t<\/div>","protected":false},"excerpt":{"rendered":"<p>Privacy Policy Last updated: July 08, 2025 This Privacy Policy describes Our policies and procedures on the collection, use and disclosure of Your information when You use the Service and tells You about Your privacy rights and how the law protects You. We use Your Personal data to provide and improve the Service. By using [&hellip;]<\/p>","protected":false},"author":1,"featured_media":0,"parent":0,"menu_order":7,"comment_status":"closed","ping_status":"closed","template":"elementor_header_footer","meta":{"googlesitekit_rrm_CAowgdPcCw:productID":"","footnotes":""},"class_list":["post-3","page","type-page","status-publish","hentry"],"_links":{"self":[{"href":"https:\/\/3waycatalyst.com\/da\/wp-json\/wp\/v2\/pages\/3","targetHints":{"allow":["GET"]}}],"collection":[{"href":"https:\/\/3waycatalyst.com\/da\/wp-json\/wp\/v2\/pages"}],"about":[{"href":"https:\/\/3waycatalyst.com\/da\/wp-json\/wp\/v2\/types\/page"}],"author":[{"embeddable":true,"href":"https:\/\/3waycatalyst.com\/da\/wp-json\/wp\/v2\/users\/1"}],"replies":[{"embeddable":true,"href":"https:\/\/3waycatalyst.com\/da\/wp-json\/wp\/v2\/comments?post=3"}],"version-history":[{"count":0,"href":"https:\/\/3waycatalyst.com\/da\/wp-json\/wp\/v2\/pages\/3\/revisions"}],"wp:attachment":[{"href":"https:\/\/3waycatalyst.com\/da\/wp-json\/wp\/v2\/media?parent=3"}],"curies":[{"name":"wp","href":"https:\/\/api.w.org\/{rel}","templated":true}]}}