{"id":78,"date":"2025-06-18T09:37:42","date_gmt":"2025-06-18T09:37:42","guid":{"rendered":"https:\/\/3waycatalyst.com\/?page_id=78"},"modified":"2026-03-23T23:43:11","modified_gmt":"2026-03-24T07:43:11","slug":"contact","status":"publish","type":"page","link":"https:\/\/3waycatalyst.com\/de\/contact\/","title":{"rendered":"Kontakt"},"content":{"rendered":"<div data-elementor-type=\"wp-page\" data-elementor-id=\"78\" class=\"elementor elementor-78\" data-elementor-settings=\"{&quot;ha_cmc_init_switcher&quot;:&quot;no&quot;}\" data-elementor-post-type=\"page\">\n\t\t\t\t\t\t<section class=\"elementor-section elementor-top-section elementor-element elementor-element-235d1182 elementor-section-height-min-height elementor-section-boxed elementor-section-height-default elementor-section-items-middle\" data-id=\"235d1182\" data-element_type=\"section\" data-settings=\"{&quot;background_background&quot;:&quot;classic&quot;,&quot;_ha_eqh_enable&quot;:false}\">\n\t\t\t\t\t\t\t<div class=\"elementor-background-overlay\"><\/div>\n\t\t\t\t\t\t\t<div class=\"elementor-container elementor-column-gap-default\">\n\t\t\t\t\t<div class=\"elementor-column elementor-col-100 elementor-top-column elementor-element elementor-element-4c577374\" data-id=\"4c577374\" data-element_type=\"column\">\n\t\t\t<div class=\"elementor-widget-wrap elementor-element-populated\">\n\t\t\t\t\t\t<div class=\"elementor-element elementor-element-7ce38554 elementor-widget elementor-widget-heading\" data-id=\"7ce38554\" data-element_type=\"widget\" data-widget_type=\"heading.default\">\n\t\t\t\t<div class=\"elementor-widget-container\">\n\t\t\t<h1 class=\"elementor-heading-title elementor-size-default\">Kontaktieren Sie uns<\/h1>\t\t<\/div>\n\t\t\t\t<\/div>\n\t\t\t\t<div class=\"elementor-element elementor-element-46c2f642 elementor-widget elementor-widget-text-editor\" data-id=\"46c2f642\" data-element_type=\"widget\" data-widget_type=\"text-editor.default\">\n\t\t\t\t<div class=\"elementor-widget-container\">\n\t\t\t\t\t\t\t<p>Kontaktieren Sie 3 Way Catalyst f\u00fcr Anfragen zu unseren Autoabgassystemen, Katalysatoren, Industriekatalysatoren oder technischem Support. Finden Sie unsere weltweiten Produktionsstandorte.<\/p>\t\t\t\t\t\t<\/div>\n\t\t\t\t<\/div>\n\t\t\t\t<div class=\"elementor-element elementor-element-1a7f7b9d ha-dual-button--mobile-layout-stack ha-dual-button--align-center ha-dual-button--tablet-align-center ha-dual-button--layout-queue ha-dual-button--tablet-layout-queue elementor-widget elementor-widget-ha-dual-button happy-addon ha-dual-button\" data-id=\"1a7f7b9d\" data-element_type=\"widget\" data-widget_type=\"ha-dual-button.default\">\n\t\t\t\t<div class=\"elementor-widget-container\">\n\t\t\t        <div class=\"ha-dual-btn-wrapper\">\n            <a class=\"ha-dual-btn ha-dual-btn--left\" href=\"\/de\/about\/\">\n                                                    <span >\u00dcber uns<\/span>\n                                            <\/a>\n                    <\/div>\n        <div class=\"ha-dual-btn-wrapper\">\n            <a class=\"ha-dual-btn ha-dual-btn--right\" href=\"#elementor-action%3Aaction%3Dpopup%3Aopen%26settings%3DeyJpZCI6IjE5NyIsInRvZ2dsZSI6ZmFsc2V9\">\n                                                    <span >Jetzt zitieren<\/span>\n                                            <\/a>\n        <\/div>\n        \t\t<\/div>\n\t\t\t\t<\/div>\n\t\t\t\t\t<\/div>\n\t\t<\/div>\n\t\t\t\t\t<\/div>\n\t\t<\/section>\n\t\t<div class=\"elementor-element elementor-element-97c84d3 e-flex e-con-boxed e-con e-parent\" data-id=\"97c84d3\" data-element_type=\"container\" data-settings=\"{&quot;_ha_eqh_enable&quot;:false}\">\n\t\t\t\t\t<div class=\"e-con-inner\">\n\t\t\t\t<div class=\"elementor-element elementor-element-b3ea429 elementor-align-left elementor-widget elementor-widget-breadcrumbs\" data-id=\"b3ea429\" data-element_type=\"widget\" data-widget_type=\"breadcrumbs.default\">\n\t\t\t\t<div class=\"elementor-widget-container\">\n\t\t\t<nav aria-label=\"Paniermehl\" class=\"rank-math-breadcrumb\"><p><span class=\"last\">Heim<\/span><\/p><\/nav>\t\t<\/div>\n\t\t\t\t<\/div>\n\t\t\t\t\t<\/div>\n\t\t\t\t<\/div>\n\t\t\t\t<section class=\"elementor-section elementor-top-section elementor-element elementor-element-1a6f4a12 elementor-section-boxed elementor-section-height-default elementor-section-height-default\" data-id=\"1a6f4a12\" data-element_type=\"section\" data-settings=\"{&quot;_ha_eqh_enable&quot;:false}\">\n\t\t\t\t\t\t<div class=\"elementor-container elementor-column-gap-default\">\n\t\t\t\t\t<div class=\"elementor-column elementor-col-33 elementor-top-column elementor-element elementor-element-ba66a2e\" data-id=\"ba66a2e\" data-element_type=\"column\">\n\t\t\t<div class=\"elementor-widget-wrap elementor-element-populated\">\n\t\t\t\t\t\t<div class=\"elementor-element elementor-element-70673ac2 ha-infobox-media-dir-top elementor-widget elementor-widget-ha-infobox happy-addon ha-infobox\" data-id=\"70673ac2\" data-element_type=\"widget\" data-widget_type=\"ha-infobox.default\">\n\t\t\t\t<div class=\"elementor-widget-container\">\n\t\t\t\n\t\t\t\t\t<figure class=\"ha-infobox-figure ha-infobox-figure--icon\">\n\t\t\t\t<svg aria-hidden=\"true\" class=\"e-font-icon-svg e-fas-warehouse\" viewbox=\"0 0 640 512\" xmlns=\"http:\/\/www.w3.org\/2000\/svg\"><path d=\"M504 352H136.4c-4.4 0-8 3.6-8 8l-.1 48c0 4.4 3.6 8 8 8H504c4.4 0 8-3.6 8-8v-48c0-4.4-3.6-8-8-8zm0 96H136.1c-4.4 0-8 3.6-8 8l-.1 48c0 4.4 3.6 8 8 8h368c4.4 0 8-3.6 8-8v-48c0-4.4-3.6-8-8-8zm0-192H136.6c-4.4 0-8 3.6-8 8l-.1 48c0 4.4 3.6 8 8 8H504c4.4 0 8-3.6 8-8v-48c0-4.4-3.6-8-8-8zm106.5-139L338.4 3.7a48.15 48.15 0 0 0-36.9 0L29.5 117C11.7 124.5 0 141.9 0 161.3V504c0 4.4 3.6 8 8 8h80c4.4 0 8-3.6 8-8V256c0-17.6 14.6-32 32.6-32h382.8c18 0 32.6 14.4 32.6 32v248c0 4.4 3.6 8 8 8h80c4.4 0 8-3.6 8-8V161.3c0-19.4-11.7-36.8-29.5-44.3z\"><\/path><\/svg>\t\t\t<\/figure>\n\t\t\n\t\t<div class=\"ha-infobox-body\">\n\t\t\t<h2 class=\"ha-infobox-title\">3-Wege-Katalysatorfabrik<\/h2>\n\t\t\t\t\t\t\t<div class=\"ha-infobox-text\">\n\t\t\t\t\t<p>Stadt Dezhou, Shandong, China<\/p>\n\t\t\t\t<\/div>\n\t\t\t\n\t\t\t\t\t<\/div>\n\t\t\t\t<\/div>\n\t\t\t\t<\/div>\n\t\t\t\t\t<\/div>\n\t\t<\/div>\n\t\t\t\t<div class=\"elementor-column elementor-col-33 elementor-top-column elementor-element elementor-element-70c37865\" data-id=\"70c37865\" data-element_type=\"column\">\n\t\t\t<div class=\"elementor-widget-wrap elementor-element-populated\">\n\t\t\t\t\t\t<div class=\"elementor-element elementor-element-7841594e ha-infobox-media-dir-top elementor-widget elementor-widget-ha-infobox happy-addon ha-infobox\" data-id=\"7841594e\" data-element_type=\"widget\" data-widget_type=\"ha-infobox.default\">\n\t\t\t\t<div class=\"elementor-widget-container\">\n\t\t\t\n\t\t\t\t\t<figure class=\"ha-infobox-figure ha-infobox-figure--icon\">\n\t\t\t\t<svg aria-hidden=\"true\" class=\"e-font-icon-svg e-fas-envelope-open-text\" viewbox=\"0 0 512 512\" xmlns=\"http:\/\/www.w3.org\/2000\/svg\"><path d=\"M176 216h160c8.84 0 16-7.16 16-16v-16c0-8.84-7.16-16-16-16H176c-8.84 0-16 7.16-16 16v16c0 8.84 7.16 16 16 16zm-16 80c0 8.84 7.16 16 16 16h160c8.84 0 16-7.16 16-16v-16c0-8.84-7.16-16-16-16H176c-8.84 0-16 7.16-16 16v16zm96 121.13c-16.42 0-32.84-5.06-46.86-15.19L0 250.86V464c0 26.51 21.49 48 48 48h416c26.51 0 48-21.49 48-48V250.86L302.86 401.94c-14.02 10.12-30.44 15.19-46.86 15.19zm237.61-254.18c-8.85-6.94-17.24-13.47-29.61-22.81V96c0-26.51-21.49-48-48-48h-77.55c-3.04-2.2-5.87-4.26-9.04-6.56C312.6 29.17 279.2-.35 256 0c-23.2-.35-56.59 29.17-73.41 41.44-3.17 2.3-6 4.36-9.04 6.56H96c-26.51 0-48 21.49-48 48v44.14c-12.37 9.33-20.76 15.87-29.61 22.81A47.995 47.995 0 0 0 0 200.72v10.65l96 69.35V96h320v184.72l96-69.35v-10.65c0-14.74-6.78-28.67-18.39-37.77z\"><\/path><\/svg>\t\t\t<\/figure>\n\t\t\n\t\t<div class=\"ha-infobox-body\">\n\t\t\t<h2 class=\"ha-infobox-title\">Postanschrift<\/h2>\n\t\t\t\t\t\t\t<div class=\"ha-infobox-text\">\n\t\t\t\t\t<p>info@3waycatalyst.com<br>\n<\/p>\n\t\t\t\t<\/div>\n\t\t\t\n\t\t\t\t\t<\/div>\n\t\t\t\t<\/div>\n\t\t\t\t<\/div>\n\t\t\t\t\t<\/div>\n\t\t<\/div>\n\t\t\t\t<div class=\"elementor-column elementor-col-33 elementor-top-column elementor-element elementor-element-5038549c\" data-id=\"5038549c\" data-element_type=\"column\">\n\t\t\t<div class=\"elementor-widget-wrap elementor-element-populated\">\n\t\t\t\t\t\t<div class=\"elementor-element elementor-element-4d9b44ac ha-infobox-media-dir-top elementor-widget elementor-widget-ha-infobox happy-addon ha-infobox\" data-id=\"4d9b44ac\" data-element_type=\"widget\" data-widget_type=\"ha-infobox.default\">\n\t\t\t\t<div class=\"elementor-widget-container\">\n\t\t\t\n\t\t\t\t\t<figure class=\"ha-infobox-figure ha-infobox-figure--icon\">\n\t\t\t\t<svg aria-hidden=\"true\" class=\"e-font-icon-svg e-fas-comments\" viewbox=\"0 0 576 512\" xmlns=\"http:\/\/www.w3.org\/2000\/svg\"><path d=\"M416 192c0-88.4-93.1-160-208-160S0 103.6 0 192c0 34.3 14.1 65.9 38 92-13.4 30.2-35.5 54.2-35.8 54.5-2.2 2.3-2.8 5.7-1.5 8.7S4.8 352 8 352c36.6 0 66.9-12.3 88.7-25 32.2 15.7 70.3 25 111.3 25 114.9 0 208-71.6 208-160zm122 220c23.9-26 38-57.7 38-92 0-66.9-53.5-124.2-129.3-148.1.9 6.6 1.3 13.3 1.3 20.1 0 105.9-107.7 192-240 192-10.8 0-21.3-.8-31.7-1.9C207.8 439.6 281.8 480 368 480c41 0 79.1-9.2 111.3-25 21.8 12.7 52.1 25 88.7 25 3.2 0 6.1-1.9 7.3-4.8 1.3-2.9.7-6.3-1.5-8.7-.3-.3-22.4-24.2-35.8-54.5z\"><\/path><\/svg>\t\t\t<\/figure>\n\t\t\n\t\t<div class=\"ha-infobox-body\">\n\t\t\t<h2 class=\"ha-infobox-title\">Gesch\u00e4ftsgespr\u00e4ch<\/h2>\n\t\t\t\t\t\t\t<div class=\"ha-infobox-text\">\n\t\t\t\t\t<p>+86  150 6928 1856 <br>\n<\/p>\n\t\t\t\t<\/div>\n\t\t\t\n\t\t\t\t\t<\/div>\n\t\t\t\t<\/div>\n\t\t\t\t<\/div>\n\t\t\t\t\t<\/div>\n\t\t<\/div>\n\t\t\t\t\t<\/div>\n\t\t<\/section>\n\t\t\t\t<section class=\"elementor-section elementor-top-section elementor-element elementor-element-7e00c309 elementor-section-boxed elementor-section-height-default elementor-section-height-default\" data-id=\"7e00c309\" data-element_type=\"section\" data-settings=\"{&quot;_ha_eqh_enable&quot;:false}\">\n\t\t\t\t\t\t<div class=\"elementor-container elementor-column-gap-default\">\n\t\t\t\t\t<div class=\"elementor-column elementor-col-50 elementor-top-column elementor-element elementor-element-7e9db70d\" data-id=\"7e9db70d\" data-element_type=\"column\" data-settings=\"{&quot;background_background&quot;:&quot;classic&quot;}\">\n\t\t\t<div class=\"elementor-widget-wrap elementor-element-populated\">\n\t\t\t\t\t\t<div class=\"elementor-element elementor-element-4548a3ca elementor-widget elementor-widget-image\" data-id=\"4548a3ca\" data-element_type=\"widget\" data-widget_type=\"image.default\">\n\t\t\t\t<div class=\"elementor-widget-container\">\n\t\t\t\t\t\t\t\t\t\t\t\t\t<img fetchpriority=\"high\" decoding=\"async\" width=\"525\" height=\"332\" src=\"https:\/\/3waycatalyst.com\/wp-content\/uploads\/2025\/06\/Catalytic-Converters.jpg\" class=\"attachment-full size-full wp-image-200\" alt=\"Katalysatoren\" srcset=\"https:\/\/3waycatalyst.com\/wp-content\/uploads\/2025\/06\/Catalytic-Converters.jpg 525w, https:\/\/3waycatalyst.com\/wp-content\/uploads\/2025\/06\/Catalytic-Converters-300x190.jpg 300w\" sizes=\"(max-width: 525px) 100vw, 525px\" title=\"\">\t\t\t\t\t\t\t\t\t\t\t\t\t<\/div>\n\t\t\t\t<\/div>\n\t\t\t\t<div class=\"elementor-element elementor-element-2bbd77f9 elementor-widget elementor-widget-heading\" data-id=\"2bbd77f9\" data-element_type=\"widget\" data-widget_type=\"heading.default\">\n\t\t\t\t<div class=\"elementor-widget-container\">\n\t\t\t<h2 class=\"elementor-heading-title elementor-size-default\">Unterst\u00fctzung von Kfz-Abgassystemen<\/h2>\t\t<\/div>\n\t\t\t\t<\/div>\n\t\t\t\t<div class=\"elementor-element elementor-element-1d23355c elementor-widget elementor-widget-text-editor\" data-id=\"1d23355c\" data-element_type=\"widget\" data-widget_type=\"text-editor.default\">\n\t\t\t\t<div class=\"elementor-widget-container\">\n\t\t\t\t\t\t\t<p>Ma\u00dfgeschneiderte Emissions- und Abgasl\u00f6sungen f\u00fcr Ihre Produktionsanforderungen!<\/p>\t\t\t\t\t\t<\/div>\n\t\t\t\t<\/div>\n\t\t\t\t<div class=\"elementor-element elementor-element-32d3252d elementor-mobile-align-center elementor-widget elementor-widget-button\" data-id=\"32d3252d\" data-element_type=\"widget\" data-widget_type=\"button.default\">\n\t\t\t\t<div class=\"elementor-widget-container\">\n\t\t\t\t\t\t\t<div class=\"elementor-button-wrapper\">\n\t\t\t\t\t<a class=\"elementor-button elementor-button-link elementor-size-sm\" href=\"#\">\n\t\t\t\t\t\t<span class=\"elementor-button-content-wrapper\">\n\t\t\t\t\t\t\t\t\t<span class=\"elementor-button-text\">Mehr erfahren<\/span>\n\t\t\t\t\t<\/span>\n\t\t\t\t\t<\/a>\n\t\t\t\t<\/div>\n\t\t\t\t\t\t<\/div>\n\t\t\t\t<\/div>\n\t\t\t\t\t<\/div>\n\t\t<\/div>\n\t\t\t\t<div class=\"elementor-column elementor-col-50 elementor-top-column elementor-element elementor-element-3a3399f9\" data-id=\"3a3399f9\" data-element_type=\"column\" data-settings=\"{&quot;background_background&quot;:&quot;classic&quot;}\">\n\t\t\t<div class=\"elementor-widget-wrap elementor-element-populated\">\n\t\t\t\t\t\t<div class=\"elementor-element elementor-element-8cc5331 elementor-button-align-stretch elementor-widget elementor-widget-form\" data-id=\"8cc5331\" data-element_type=\"widget\" data-settings=\"{&quot;step_next_label&quot;:&quot;Next&quot;,&quot;step_previous_label&quot;:&quot;Previous&quot;,&quot;button_width&quot;:&quot;100&quot;,&quot;step_type&quot;:&quot;number_text&quot;,&quot;step_icon_shape&quot;:&quot;circle&quot;}\" data-widget_type=\"form.default\">\n\t\t\t\t<div class=\"elementor-widget-container\">\n\t\t\t\t\t<form class=\"elementor-form\" method=\"post\" name=\"New Form\" action=\"\">\n\t\t\t<input type=\"hidden\" name=\"post_id\" value=\"78\"\/>\n\t\t\t<input type=\"hidden\" name=\"form_id\" value=\"8cc5331\"\/>\n\t\t\t<input type=\"hidden\" name=\"referer_title\" value=\"\" \/>\n\n\t\t\t\n\t\t\t<div class=\"elementor-form-fields-wrapper elementor-labels-above\">\n\t\t\t\t\t\t\t\t<div class=\"elementor-field-type-text elementor-field-group elementor-column elementor-field-group-name elementor-col-50 elementor-field-required elementor-mark-required\">\n\t\t\t\t\t\t\t\t\t\t\t\t<label for=\"form-field-name\" class=\"elementor-field-label\">\n\t\t\t\t\t\t\t\tName\t\t\t\t\t\t\t<\/label>\n\t\t\t\t\t\t\t\t\t\t\t\t\t\t<input size=\"1\" type=\"text\" name=\"form_fields[name]\" id=\"form-field-name\" class=\"elementor-field elementor-size-lg  elementor-field-textual\" placeholder=\"Ihr Name\" required=\"required\" aria-required=\"true\">\n\t\t\t\t\t\t\t\t\t\t\t<\/div>\n\t\t\t\t\t\t\t\t<div class=\"elementor-field-type-text elementor-field-group elementor-column elementor-field-group-field_e3604c1 elementor-col-50\">\n\t\t\t\t\t\t\t\t\t\t\t\t<label for=\"form-field-field_e3604c1\" class=\"elementor-field-label\">\n\t\t\t\t\t\t\t\tName der Firma\t\t\t\t\t\t\t<\/label>\n\t\t\t\t\t\t\t\t\t\t\t\t\t\t<input size=\"1\" type=\"text\" name=\"form_fields[field_e3604c1]\" id=\"form-field-field_e3604c1\" class=\"elementor-field elementor-size-lg  elementor-field-textual\" placeholder=\"Name der Firma\">\n\t\t\t\t\t\t\t\t\t\t\t<\/div>\n\t\t\t\t\t\t\t\t<div class=\"elementor-field-type-email elementor-field-group elementor-column elementor-field-group-email elementor-col-50 elementor-field-required elementor-mark-required\">\n\t\t\t\t\t\t\t\t\t\t\t\t<label for=\"form-field-email\" class=\"elementor-field-label\">\n\t\t\t\t\t\t\t\tE-Mail\t\t\t\t\t\t\t<\/label>\n\t\t\t\t\t\t\t\t\t\t\t\t\t\t<input size=\"1\" type=\"email\" name=\"form_fields[email]\" id=\"form-field-email\" class=\"elementor-field elementor-size-lg  elementor-field-textual\" placeholder=\"E-Mail\" required=\"required\" aria-required=\"true\">\n\t\t\t\t\t\t\t\t\t\t\t<\/div>\n\t\t\t\t\t\t\t\t<div class=\"elementor-field-type-text elementor-field-group elementor-column elementor-field-group-field_d3af329 elementor-col-50 elementor-field-required elementor-mark-required\">\n\t\t\t\t\t\t\t\t\t\t\t\t<label for=\"form-field-field_d3af329\" class=\"elementor-field-label\">\n\t\t\t\t\t\t\t\tTelefon\t\t\t\t\t\t\t<\/label>\n\t\t\t\t\t\t\t\t\t\t\t\t\t\t<input size=\"1\" type=\"text\" name=\"form_fields[field_d3af329]\" id=\"form-field-field_d3af329\" class=\"elementor-field elementor-size-lg  elementor-field-textual\" placeholder=\"Ihr Telefon \/ WhatsApp\" required=\"required\" aria-required=\"true\">\n\t\t\t\t\t\t\t\t\t\t\t<\/div>\n\t\t\t\t\t\t\t\t<div class=\"elementor-field-type-textarea elementor-field-group elementor-column elementor-field-group-message elementor-col-100\">\n\t\t\t\t\t\t\t\t\t\t\t\t<label for=\"form-field-message\" class=\"elementor-field-label\">\n\t\t\t\t\t\t\t\tNachricht\t\t\t\t\t\t\t<\/label>\n\t\t\t\t\t\t<textarea class=\"elementor-field-textual elementor-field  elementor-size-lg\" name=\"form_fields[message]\" id=\"form-field-message\" rows=\"4\" placeholder=\"Bitte beschreiben Sie Ihr Problem im Detail\"><\/textarea>\t\t\t\t<\/div>\n\t\t\t\t\t\t\t\t<div class=\"elementor-field-type-recaptcha elementor-field-group elementor-column elementor-field-group-field_bc54590 elementor-col-100\">\n\t\t\t\t\t<div class=\"elementor-field\" id=\"form-field-field_bc54590\"><div class=\"elementor-g-recaptcha\" data-sitekey=\"6LebK38rAAAAAKJTRl6ZJGdggORNpV1pUk-8HD-E\" data-type=\"v2_checkbox\" data-theme=\"light\" data-size=\"normal\"><\/div><\/div>\t\t\t\t<\/div>\n\t\t\t\t\t\t\t\t<div class=\"elementor-field-type-text\">\n\t\t\t\t\t<input size=\"1\" type=\"text\" name=\"form_fields[field_f8f6595]\" id=\"form-field-field_f8f6595\" class=\"elementor-field elementor-size-lg\" style=\"display:none !important;\">\t\t\t\t<\/div>\n\t\t\t\t\t\t\t\t<div class=\"elementor-field-group elementor-column elementor-field-type-submit elementor-col-100 e-form__buttons\">\n\t\t\t\t\t<button type=\"submit\" class=\"elementor-button elementor-size-sm\">\n\t\t\t\t\t\t<span >\n\t\t\t\t\t\t\t\t\t\t\t\t\t\t\t<span class=\"elementor-button-icon\">\n\t\t\t\t\t\t\t\t\t\t\t\t\t\t\t\t\t\t\t\t\t\t\t\t\t\t<\/span>\n\t\t\t\t\t\t\t\t\t\t\t\t\t\t\t\t\t\t\t\t\t\t<span class=\"elementor-button-text\">Schicken<\/span>\n\t\t\t\t\t\t\t\t\t\t\t\t\t<\/span>\n\t\t\t\t\t<\/button>\n\t\t\t\t<\/div>\n\t\t\t<\/div>\n\t\t<input type=\"hidden\" name=\"trp-form-language\" value=\"de\"\/><\/form>\n\t\t\t\t<\/div>\n\t\t\t\t<\/div>\n\t\t\t\t\t<\/div>\n\t\t<\/div>\n\t\t\t\t\t<\/div>\n\t\t<\/section>\n\t\t<div class=\"elementor-element elementor-element-2bfbfa1 e-flex e-con-boxed e-con e-parent\" data-id=\"2bfbfa1\" data-element_type=\"container\" data-settings=\"{&quot;_ha_eqh_enable&quot;:false}\">\n\t\t\t\t\t<div class=\"e-con-inner\">\n\t\t\t\t<div class=\"elementor-element elementor-element-0353c62 elementor-widget elementor-widget-google_maps\" data-id=\"0353c62\" data-element_type=\"widget\" data-widget_type=\"google_maps.default\">\n\t\t\t\t<div class=\"elementor-widget-container\">\n\t\t\t\t\t<div class=\"elementor-custom-embed\">\n\t\t\t<iframe loading=\"lazy\"\n\t\t\t\t\tsrc=\"https:\/\/maps.google.com\/maps?q=Changguan%20Development%20Zone%2C%20Ningjin%20CountyDezhou%20City%2C%20Shandong%20Province%2C%20China&#038;t=m&#038;z=10&#038;output=embed&#038;iwloc=near\"\n\t\t\t\t\ttitle=\"Entwicklungszone Changguan, Kreis Ningjin, Stadt Dezhou, Provinz Shandong, China\"\n\t\t\t\t\taria-label=\"Entwicklungszone Changguan, Kreis Ningjin, Stadt Dezhou, Provinz Shandong, China\"\n\t\t\t><\/iframe>\n\t\t<\/div>\n\t\t\t\t<\/div>\n\t\t\t\t<\/div>\n\t\t\t\t\t<\/div>\n\t\t\t\t<\/div>\n\t\t\t\t<section class=\"elementor-section elementor-top-section elementor-element elementor-element-5e1185d elementor-section-boxed elementor-section-height-default elementor-section-height-default\" data-id=\"5e1185d\" data-element_type=\"section\" data-settings=\"{&quot;_ha_eqh_enable&quot;:false}\">\n\t\t\t\t\t\t<div class=\"elementor-container elementor-column-gap-default\">\n\t\t\t\t\t<div class=\"elementor-column elementor-col-50 elementor-top-column elementor-element elementor-element-da1c533\" data-id=\"da1c533\" data-element_type=\"column\" data-settings=\"{&quot;background_background&quot;:&quot;classic&quot;}\">\n\t\t\t<div class=\"elementor-widget-wrap elementor-element-populated\">\n\t\t\t\t\t\t<div class=\"elementor-element elementor-element-c86f1ac elementor-widget elementor-widget-heading\" data-id=\"c86f1ac\" data-element_type=\"widget\" data-widget_type=\"heading.default\">\n\t\t\t\t<div class=\"elementor-widget-container\">\n\t\t\t<h2 class=\"elementor-heading-title elementor-size-default\">Kontakt | Hangzhou Fengxiang Technology Co., Ltd (3WayCatalyst)<\/h2>\t\t<\/div>\n\t\t\t\t<\/div>\n\t\t\t\t<div class=\"elementor-element elementor-element-9adb5c4 elementor-widget elementor-widget-text-editor\" data-id=\"9adb5c4\" data-element_type=\"widget\" data-widget_type=\"text-editor.default\">\n\t\t\t\t<div class=\"elementor-widget-container\">\n\t\t\t\t\t\t\t<p>Weltweit betreiben wir integrierte Fabriken in China und Nordamerika, unterst\u00fctzt durch technische Zentren in Deutschland, Mexiko und Japan. So gew\u00e4hrleisten wir lokalen technischen Support und die Lieferung von Ersatzteilen innerhalb von 72 Stunden. Bis heute haben wir \u00fcber 1,8 Millionen Katalysatorsysteme gefertigt, darunter \u00fcber 200 kundenspezifische Gro\u00dfflottenprojekte (\u00fcber 50.000 Einheiten j\u00e4hrlich). Dies beweist unsere F\u00e4higkeit, weltweit erfolgskritische Emissionsl\u00f6sungen zu liefern.<\/p>\t\t\t\t\t\t<\/div>\n\t\t\t\t<\/div>\n\t\t\t\t\t<\/div>\n\t\t<\/div>\n\t\t\t\t<div class=\"elementor-column elementor-col-50 elementor-top-column elementor-element elementor-element-1ec7aef\" data-id=\"1ec7aef\" data-element_type=\"column\" data-settings=\"{&quot;background_background&quot;:&quot;classic&quot;}\">\n\t\t\t<div class=\"elementor-widget-wrap elementor-element-populated\">\n\t\t\t\t\t\t<div class=\"elementor-element elementor-element-b060a2b elementor-widget elementor-widget-text-editor\" data-id=\"b060a2b\" data-element_type=\"widget\" data-widget_type=\"text-editor.default\">\n\t\t\t\t<div class=\"elementor-widget-container\">\n\t\t\t\t\t\t\t<h4 data-immersive-translate-walked=\"26c34190-7072-44da-92a4-2410cd813cbb\">Unsere Verpflichtung Ihnen gegen\u00fcber<\/h4><p class=\"ds-markdown-paragraph\" data-immersive-translate-walked=\"26c34190-7072-44da-92a4-2410cd813cbb\" data-immersive-translate-paragraph=\"1\"><strong data-immersive-translate-walked=\"26c34190-7072-44da-92a4-2410cd813cbb\" data-immersive-translate-paragraph=\"1\">Schnelle Reaktion<\/strong><br data-immersive-translate-walked=\"26c34190-7072-44da-92a4-2410cd813cbb\" \/>Wir wissen, dass Zeit kostbar ist. An Werktagen erhalten Sie innerhalb von 24 Stunden eine Antwort auf Ihre Anfrage.<\/p><p class=\"ds-markdown-paragraph\" data-immersive-translate-walked=\"26c34190-7072-44da-92a4-2410cd813cbb\" data-immersive-translate-paragraph=\"1\"><strong data-immersive-translate-walked=\"26c34190-7072-44da-92a4-2410cd813cbb\" data-immersive-translate-paragraph=\"1\">Pr\u00e4zisionsl\u00f6sungen<\/strong><br data-immersive-translate-walked=\"26c34190-7072-44da-92a4-2410cd813cbb\" \/>Egal, ob Sie einen Standard- oder einen individuell angefertigten Katalysator ben\u00f6tigen, unsere Ingenieure geben Ihnen individuelle Empfehlungen.<\/p><p class=\"ds-markdown-paragraph\" data-immersive-translate-walked=\"26c34190-7072-44da-92a4-2410cd813cbb\" data-immersive-translate-paragraph=\"1\"><strong data-immersive-translate-walked=\"26c34190-7072-44da-92a4-2410cd813cbb\" data-immersive-translate-paragraph=\"1\">Technischer Support von Lifeline<\/strong><br data-immersive-translate-walked=\"26c34190-7072-44da-92a4-2410cd813cbb\" \/>Unser Team steht Ihnen bei allen Fragen zu Produktspezifikationen, Installation oder Fehlerbehebung zur Seite.<\/p>\t\t\t\t\t\t<\/div>\n\t\t\t\t<\/div>\n\t\t\t\t\t<\/div>\n\t\t<\/div>\n\t\t\t\t\t<\/div>\n\t\t<\/section>\n\t\t\t\t<\/div>","protected":false},"excerpt":{"rendered":"<p>Contact Us Contact 3 Way Catalyst for inquiries about our automotive exhaust systems, catalytic converters, industrial catalysts, or technical support. Find our global factory locations. About Us Quote Now Home 3 Way Catalyst Factory Dezhou City, Shandong, China Mailing Address info@3waycatalyst.com Business Talk +86 150 6928 1856 Automotive Exhaust System Support Custom Emission &amp; Exhaust [&hellip;]<\/p>","protected":false},"author":1,"featured_media":0,"parent":0,"menu_order":5,"comment_status":"closed","ping_status":"closed","template":"","meta":{"googlesitekit_rrm_CAowgdPcCw:productID":"","footnotes":""},"class_list":["post-78","page","type-page","status-publish","hentry"],"_links":{"self":[{"href":"https:\/\/3waycatalyst.com\/de\/wp-json\/wp\/v2\/pages\/78","targetHints":{"allow":["GET"]}}],"collection":[{"href":"https:\/\/3waycatalyst.com\/de\/wp-json\/wp\/v2\/pages"}],"about":[{"href":"https:\/\/3waycatalyst.com\/de\/wp-json\/wp\/v2\/types\/page"}],"author":[{"embeddable":true,"href":"https:\/\/3waycatalyst.com\/de\/wp-json\/wp\/v2\/users\/1"}],"replies":[{"embeddable":true,"href":"https:\/\/3waycatalyst.com\/de\/wp-json\/wp\/v2\/comments?post=78"}],"version-history":[{"count":10,"href":"https:\/\/3waycatalyst.com\/de\/wp-json\/wp\/v2\/pages\/78\/revisions"}],"predecessor-version":[{"id":6506,"href":"https:\/\/3waycatalyst.com\/de\/wp-json\/wp\/v2\/pages\/78\/revisions\/6506"}],"wp:attachment":[{"href":"https:\/\/3waycatalyst.com\/de\/wp-json\/wp\/v2\/media?parent=78"}],"curies":[{"name":"wp","href":"https:\/\/api.w.org\/{rel}","templated":true}]}}